{"id":2169,"date":"2023-10-18T16:09:53","date_gmt":"2023-10-18T16:09:53","guid":{"rendered":"https:\/\/vaimetravel.com\/georgia\/"},"modified":"2026-01-30T10:13:24","modified_gmt":"2026-01-30T10:13:24","slug":"georgia","status":"publish","type":"page","link":"https:\/\/vaimetravel.com\/it\/georgia\/","title":{"rendered":"GEORGIA"},"content":{"rendered":"\t\t<div data-elementor-type=\"wp-page\" data-elementor-id=\"2169\" class=\"elementor elementor-2169 elementor-917\" data-elementor-post-type=\"page\">\n\t\t\t\t<div class=\"elementor-element elementor-element-b65c6aa e-flex e-con-boxed e-con e-parent\" data-id=\"b65c6aa\" data-element_type=\"container\" data-e-type=\"container\" data-settings=\"{&quot;background_background&quot;:&quot;classic&quot;}\">\n\t\t\t\t\t<div class=\"e-con-inner\">\n\t\t\t\t\t<\/div>\n\t\t\t\t<\/div>\n\t\t<div class=\"elementor-element elementor-element-7b878a5 e-flex e-con-boxed e-con e-parent\" data-id=\"7b878a5\" data-element_type=\"container\" data-e-type=\"container\">\n\t\t\t\t\t<div class=\"e-con-inner\">\n\t\t\t\t<div class=\"elementor-element elementor-element-3625731 elementor-widget-tablet__width-initial elementor-widget elementor-widget-heading\" data-id=\"3625731\" data-element_type=\"widget\" data-e-type=\"widget\" data-widget_type=\"heading.default\">\n\t\t\t\t<div class=\"elementor-widget-container\">\n\t\t\t\t\t<h3 class=\"elementor-heading-title elementor-size-default\">SAKARTVELO (\u10e1\u10d0\u10e5\u10d0\u10e0\u10d7\u10d5\u10d4\u10da\u10dd)<\/h3>\t\t\t\t<\/div>\n\t\t\t\t<\/div>\n\t\t\t\t<div class=\"elementor-element elementor-element-d622e0b elementor-widget__width-initial elementor-widget elementor-widget-heading\" data-id=\"d622e0b\" data-element_type=\"widget\" data-e-type=\"widget\" data-widget_type=\"heading.default\">\n\t\t\t\t<div class=\"elementor-widget-container\">\n\t\t\t\t\t<p class=\"elementor-heading-title elementor-size-default\">Cos\u00ec suona il nome della Georgia nella nostra lingua madre. Come possiamo descriverla al meglio? Ci sarebbero mille cose da dire: la Georgia \u00e8 una delle civilt\u00e0 pi\u00f9 antiche del mondo, con i primi regni georgiani di Colchide e Iberia gi\u00e0 esistenti nell\u2019antichit\u00e0. La Georgia \u00e8 legata anche alla mitologia greca: \u00e8 qui che i leggendari Argonauti arrivarono in cerca del Vello d\u2019Oro. Il Paese ospita inoltre gli europei pi\u00f9 antichi: i resti umani pi\u00f9 antichi d\u2019Europa sono stati scoperti sul suolo georgiano. Nel 2017 la Georgia \u00e8 stata ufficialmente riconosciuta come la culla del vino \u2013 un titolo pi\u00f9 che meritato, considerando la nostra tradizione vinicola di oltre 8000 anni! Non dobbiamo inoltre dimenticare che la Georgia ha adottato il cristianesimo nel IV secolo d.C., diventando il secondo Paese al mondo a farlo.<\/p>\t\t\t\t<\/div>\n\t\t\t\t<\/div>\n\t\t\t\t\t<\/div>\n\t\t\t\t<\/div>\n\t\t<div class=\"elementor-element elementor-element-ba4bc20 e-flex e-con-boxed e-con e-parent\" data-id=\"ba4bc20\" data-element_type=\"container\" data-e-type=\"container\">\n\t\t\t\t\t<div class=\"e-con-inner\">\n\t\t<div class=\"elementor-element elementor-element-cb9a49b e-con-full e-flex e-con e-child\" data-id=\"cb9a49b\" data-element_type=\"container\" data-e-type=\"container\" data-settings=\"{&quot;background_background&quot;:&quot;classic&quot;}\">\n\t\t\t\t<div class=\"elementor-element elementor-element-b3a8298 elementor-widget elementor-widget-heading\" data-id=\"b3a8298\" data-element_type=\"widget\" data-e-type=\"widget\" data-widget_type=\"heading.default\">\n\t\t\t\t<div class=\"elementor-widget-container\">\n\t\t\t\t\t<h2 class=\"elementor-heading-title elementor-size-default\">TERRA DI PAESAGGI INCANTEVOLI<\/h2>\t\t\t\t<\/div>\n\t\t\t\t<\/div>\n\t\t\t\t<div class=\"elementor-element elementor-element-78f91c0 elementor-widget elementor-widget-text-editor\" data-id=\"78f91c0\" data-element_type=\"widget\" data-e-type=\"widget\" data-widget_type=\"text-editor.default\">\n\t\t\t\t<div class=\"elementor-widget-container\">\n\t\t\t\t\t\t\t\t\t<div id=\"contentsContainer\" class=\"style-scope qowt-page\">\n<div id=\"contents\" class=\"style-scope qowt-page\">\n<p><span style=\"font-weight: 400;\">La Georgia \u00e8 un paese montuoso, circondato a nord dalle vette della catena del Grande Caucaso. Questa nazione relativamente piccola si distingue per la sua straordinaria variet\u00e0: il Mar Nero segna il suo confine occidentale, la catena del Piccolo Caucaso si estende a sud, mentre a est si aprono vaste valli e steppe da ammirare.<\/span><\/p>\n<p id=\"E171\" class=\"x-scope qowt-word-para-1\"><span id=\"E173\" class=\"qowt-font2-Montserrat\">\u00a0<\/span><\/p>\n<\/div>\n<p><\/div>\n\t\t\t\t\t\t\t\t<\/div>\n\t\t\t\t<\/div>\n\t\t\t\t<\/div>\n\t\t<div class=\"elementor-element elementor-element-195165a e-con-full e-flex e-con e-child\" data-id=\"195165a\" data-element_type=\"container\" data-e-type=\"container\" data-settings=\"{&quot;background_background&quot;:&quot;classic&quot;}\">\n\t\t\t\t<\/div>\n\t\t<div class=\"elementor-element elementor-element-b0a34da e-con-full e-flex e-con e-child\" data-id=\"b0a34da\" data-element_type=\"container\" data-e-type=\"container\" data-settings=\"{&quot;background_background&quot;:&quot;classic&quot;}\">\n\t\t\t\t<\/div>\n\t\t\t\t\t<\/div>\n\t\t\t\t<\/div>\n\t\t<div class=\"elementor-element elementor-element-207aad7 e-flex e-con-boxed e-con e-parent\" data-id=\"207aad7\" data-element_type=\"container\" data-e-type=\"container\">\n\t\t\t\t\t<div class=\"e-con-inner\">\n\t\t<div class=\"elementor-element elementor-element-5432618 e-con-full e-flex e-con e-child\" data-id=\"5432618\" data-element_type=\"container\" data-e-type=\"container\" data-settings=\"{&quot;background_background&quot;:&quot;classic&quot;}\">\n\t\t\t\t<\/div>\n\t\t<div class=\"elementor-element elementor-element-151e76f e-con-full e-flex e-con e-child\" data-id=\"151e76f\" data-element_type=\"container\" data-e-type=\"container\" data-settings=\"{&quot;background_background&quot;:&quot;classic&quot;}\">\n\t\t\t\t<div class=\"elementor-element elementor-element-6bb030b elementor-widget elementor-widget-heading\" data-id=\"6bb030b\" data-element_type=\"widget\" data-e-type=\"widget\" data-widget_type=\"heading.default\">\n\t\t\t\t<div class=\"elementor-widget-container\">\n\t\t\t\t\t<h2 class=\"elementor-heading-title elementor-size-default\">TERRA DI CIBO DELIZIOSO<\/h2>\t\t\t\t<\/div>\n\t\t\t\t<\/div>\n\t\t\t\t<div class=\"elementor-element elementor-element-f868470 elementor-widget elementor-widget-text-editor\" data-id=\"f868470\" data-element_type=\"widget\" data-e-type=\"widget\" data-widget_type=\"text-editor.default\">\n\t\t\t\t<div class=\"elementor-widget-container\">\n\t\t\t\t\t\t\t\t\t<p><span style=\"font-weight: 400;\">Il clima temperato e variegato della Georgia garantisce raccolti abbondanti e diversificati, oltre a spezie profumate. Gli ingredienti caratteristici dei nostri piatti conferiscono alla nostra cucina un gusto unico e inimitabile.<\/span><\/p>\n\t\t\t\t\t\t\t\t<\/div>\n\t\t\t\t<\/div>\n\t\t\t\t<\/div>\n\t\t<div class=\"elementor-element elementor-element-561573f e-con-full e-flex e-con e-child\" data-id=\"561573f\" data-element_type=\"container\" data-e-type=\"container\" data-settings=\"{&quot;background_background&quot;:&quot;classic&quot;}\">\n\t\t\t\t<\/div>\n\t\t\t\t\t<\/div>\n\t\t\t\t<\/div>\n\t\t<div class=\"elementor-element elementor-element-914c510 e-flex e-con-boxed e-con e-parent\" data-id=\"914c510\" data-element_type=\"container\" data-e-type=\"container\">\n\t\t\t\t\t<div class=\"e-con-inner\">\n\t\t<div class=\"elementor-element elementor-element-7011fd1 e-con-full e-flex e-con e-child\" data-id=\"7011fd1\" data-element_type=\"container\" data-e-type=\"container\" data-settings=\"{&quot;background_background&quot;:&quot;classic&quot;}\">\n\t\t\t\t<\/div>\n\t\t<div class=\"elementor-element elementor-element-d8ba743 e-con-full e-flex e-con e-child\" data-id=\"d8ba743\" data-element_type=\"container\" data-e-type=\"container\" data-settings=\"{&quot;background_background&quot;:&quot;classic&quot;}\">\n\t\t\t\t<\/div>\n\t\t<div class=\"elementor-element elementor-element-2406de4 e-con-full e-flex e-con e-child\" data-id=\"2406de4\" data-element_type=\"container\" data-e-type=\"container\" data-settings=\"{&quot;background_background&quot;:&quot;classic&quot;}\">\n\t\t\t\t<div class=\"elementor-element elementor-element-3337d68 elementor-widget elementor-widget-heading\" data-id=\"3337d68\" data-element_type=\"widget\" data-e-type=\"widget\" data-widget_type=\"heading.default\">\n\t\t\t\t<div class=\"elementor-widget-container\">\n\t\t\t\t\t<h2 class=\"elementor-heading-title elementor-size-default\">VINO UNICO<\/h2>\t\t\t\t<\/div>\n\t\t\t\t<\/div>\n\t\t\t\t<div class=\"elementor-element elementor-element-f52907c elementor-widget elementor-widget-text-editor\" data-id=\"f52907c\" data-element_type=\"widget\" data-e-type=\"widget\" data-widget_type=\"text-editor.default\">\n\t\t\t\t<div class=\"elementor-widget-container\">\n\t\t\t\t\t\t\t\t\t<p><span style=\"font-weight: 400;\">La Georgia \u00e8 la culla del vino. Su questa terra i nostri antenati iniziarono a coltivare l\u2019uva gi\u00e0 8000 anni fa. Il metodo georgiano di vinificazione, cio\u00e8 in anfore di argilla chiamate \u201ckvevri\u201d, \u00e8 riconosciuto dall\u2019UNESCO come patrimonio culturale mondiale. I georgiani continuano a seguire queste pratiche ancora oggi, e il vino tradizionale in kvevri si pu\u00f2 trovare ovunque.<\/span><span style=\"font-weight: 400;\"><br \/>\n<\/span><\/p>\n\t\t\t\t\t\t\t\t<\/div>\n\t\t\t\t<\/div>\n\t\t\t\t<\/div>\n\t\t\t\t\t<\/div>\n\t\t\t\t<\/div>\n\t\t<div class=\"elementor-element elementor-element-b17259f e-flex e-con-boxed e-con e-parent\" data-id=\"b17259f\" data-element_type=\"container\" data-e-type=\"container\">\n\t\t\t\t\t<div class=\"e-con-inner\">\n\t\t<div class=\"elementor-element elementor-element-7db95b0 e-con-full e-flex e-con e-child\" data-id=\"7db95b0\" data-element_type=\"container\" data-e-type=\"container\" data-settings=\"{&quot;background_background&quot;:&quot;classic&quot;}\">\n\t\t\t\t<\/div>\n\t\t<div class=\"elementor-element elementor-element-88e1f47 e-con-full e-flex e-con e-child\" data-id=\"88e1f47\" data-element_type=\"container\" data-e-type=\"container\" data-settings=\"{&quot;background_background&quot;:&quot;classic&quot;}\">\n\t\t\t\t<div class=\"elementor-element elementor-element-7e9ca27 elementor-widget elementor-widget-heading\" data-id=\"7e9ca27\" data-element_type=\"widget\" data-e-type=\"widget\" data-widget_type=\"heading.default\">\n\t\t\t\t<div class=\"elementor-widget-container\">\n\t\t\t\t\t<h2 class=\"elementor-heading-title elementor-size-default\">RICCO PATRIMONIO CULTURALE<\/h2>\t\t\t\t<\/div>\n\t\t\t\t<\/div>\n\t\t\t\t<div class=\"elementor-element elementor-element-4eacb37 elementor-widget elementor-widget-text-editor\" data-id=\"4eacb37\" data-element_type=\"widget\" data-e-type=\"widget\" data-widget_type=\"text-editor.default\">\n\t\t\t\t<div class=\"elementor-widget-container\">\n\t\t\t\t\t\t\t\t\t<p><span style=\"font-weight: 400;\">La Georgia adott\u00f2 il cristianesimo nel IV secolo d.C., il che ha portato alla costruzione di numerosi antichi edifici sacri in tutto il paese, alcuni dei quali sono riconosciuti dall\u2019UNESCO. Ma le chiese ortodosse non sono l\u2019unico vanto della Georgia: il paese ospita anche centri medievali di istruzione e cultura, accademie, torri e castelli fortificati, citt\u00e0 scavate nella roccia, oltre a monumenti che risalgono ai tempi pagani.<\/span><\/p>\n\t\t\t\t\t\t\t\t<\/div>\n\t\t\t\t<\/div>\n\t\t\t\t<\/div>\n\t\t<div class=\"elementor-element elementor-element-cc4d980 e-con-full e-flex e-con e-child\" data-id=\"cc4d980\" data-element_type=\"container\" data-e-type=\"container\" data-settings=\"{&quot;background_background&quot;:&quot;classic&quot;}\">\n\t\t\t\t<\/div>\n\t\t\t\t\t<\/div>\n\t\t\t\t<\/div>\n\t\t<div class=\"elementor-element elementor-element-cddee67 e-flex e-con-boxed e-con e-parent\" data-id=\"cddee67\" data-element_type=\"container\" data-e-type=\"container\">\n\t\t\t\t\t<div class=\"e-con-inner\">\n\t\t<div class=\"elementor-element elementor-element-41236ec e-con-full e-flex e-con e-child\" data-id=\"41236ec\" data-element_type=\"container\" data-e-type=\"container\" data-settings=\"{&quot;background_background&quot;:&quot;classic&quot;}\">\n\t\t\t\t<div class=\"elementor-element elementor-element-123e3f0 elementor-widget elementor-widget-heading\" data-id=\"123e3f0\" data-element_type=\"widget\" data-e-type=\"widget\" data-widget_type=\"heading.default\">\n\t\t\t\t<div class=\"elementor-widget-container\">\n\t\t\t\t\t<h2 class=\"elementor-heading-title elementor-size-default\">OSPITALIT\u00c0<\/h2>\t\t\t\t<\/div>\n\t\t\t\t<\/div>\n\t\t\t\t<div class=\"elementor-element elementor-element-3f7c430 elementor-widget elementor-widget-text-editor\" data-id=\"3f7c430\" data-element_type=\"widget\" data-e-type=\"widget\" data-widget_type=\"text-editor.default\">\n\t\t\t\t<div class=\"elementor-widget-container\">\n\t\t\t\t\t\t\t\t\t<p><span style=\"font-weight: 400;\">L\u2019ospitalit\u00e0 georgiana \u00e8 leggendaria. C\u2019\u00e8 un detto in Georgia che recita: \u201cl\u2019ospite \u00e8 un dono di Dio\u201d. I locali ospitali e dal cuore generoso rendono ogni viaggio in Georgia un\u2019esperienza unica e indimenticabile.<\/span><\/p>\n\t\t\t\t\t\t\t\t<\/div>\n\t\t\t\t<\/div>\n\t\t\t\t<\/div>\n\t\t<div class=\"elementor-element elementor-element-5b182ba e-con-full e-flex e-con e-child\" data-id=\"5b182ba\" data-element_type=\"container\" data-e-type=\"container\" data-settings=\"{&quot;background_background&quot;:&quot;classic&quot;}\">\n\t\t\t\t<\/div>\n\t\t<div class=\"elementor-element elementor-element-2eadc7d e-con-full e-flex e-con e-child\" data-id=\"2eadc7d\" data-element_type=\"container\" data-e-type=\"container\" data-settings=\"{&quot;background_background&quot;:&quot;classic&quot;}\">\n\t\t\t\t<\/div>\n\t\t\t\t\t<\/div>\n\t\t\t\t<\/div>\n\t\t<div class=\"elementor-element elementor-element-28e8455 e-flex e-con-boxed e-con e-parent\" data-id=\"28e8455\" data-element_type=\"container\" data-e-type=\"container\">\n\t\t\t\t\t<div class=\"e-con-inner\">\n\t\t\t\t<div class=\"elementor-element elementor-element-63bd740 elementor-widget elementor-widget-text-editor\" data-id=\"63bd740\" data-element_type=\"widget\" data-e-type=\"widget\" data-widget_type=\"text-editor.default\">\n\t\t\t\t<div class=\"elementor-widget-container\">\n\t\t\t\t\t\t\t\t\t<section class=\"sc-1sp014t-2 eopODU\">\n<div class=\"sc-1sp014t-1 bvfj7g-1 bYGYlo eYgkoA\">\n<p><span style=\"font-weight: 400;\">Quindi unitevi a noi, preparate le valigie e venite ad ammirare i panorami montani, assaggiare la cucina georgiana e gustare un bicchiere di vino, mentre noi, i vostri due ospiti georgiani al 100%, faremo tutto il possibile affinch\u00e9 i ricordi del tempo trascorso con noi vi regalino un sorriso per gli anni a venire!<\/span><\/p>\n<\/div>\n<\/section>\n\t\t\t\t\t\t\t\t<\/div>\n\t\t\t\t<\/div>\n\t\t\t\t\t<\/div>\n\t\t\t\t<\/div>\n\t\t\t\t<\/div>\n\t\t","protected":false},"excerpt":{"rendered":"<p>SAKARTVELO (\u10e1\u10d0\u10e5\u10d0\u10e0\u10d7\u10d5\u10d4\u10da\u10dd) Cos\u00ec suona il nome della Georgia nella nostra lingua madre. Come possiamo descriverla al meglio? Ci sarebbero mille cose da dire: la Georgia \u00e8 una delle civilt\u00e0 pi\u00f9 antiche del mondo, con i primi regni georgiani di Colchide e Iberia gi\u00e0 esistenti nell\u2019antichit\u00e0. La Georgia \u00e8 legata anche alla mitologia greca: \u00e8 qui [&hellip;]<\/p>\n","protected":false},"author":1,"featured_media":0,"parent":0,"menu_order":0,"comment_status":"closed","ping_status":"closed","template":"elementor_header_footer","meta":{"_acf_changed":false,"footnotes":""},"class_list":["post-2169","page","type-page","status-publish","hentry"],"acf":[],"_links":{"self":[{"href":"https:\/\/vaimetravel.com\/it\/wp-json\/wp\/v2\/pages\/2169","targetHints":{"allow":["GET"]}}],"collection":[{"href":"https:\/\/vaimetravel.com\/it\/wp-json\/wp\/v2\/pages"}],"about":[{"href":"https:\/\/vaimetravel.com\/it\/wp-json\/wp\/v2\/types\/page"}],"author":[{"embeddable":true,"href":"https:\/\/vaimetravel.com\/it\/wp-json\/wp\/v2\/users\/1"}],"replies":[{"embeddable":true,"href":"https:\/\/vaimetravel.com\/it\/wp-json\/wp\/v2\/comments?post=2169"}],"version-history":[{"count":1,"href":"https:\/\/vaimetravel.com\/it\/wp-json\/wp\/v2\/pages\/2169\/revisions"}],"predecessor-version":[{"id":2170,"href":"https:\/\/vaimetravel.com\/it\/wp-json\/wp\/v2\/pages\/2169\/revisions\/2170"}],"wp:attachment":[{"href":"https:\/\/vaimetravel.com\/it\/wp-json\/wp\/v2\/media?parent=2169"}],"curies":[{"name":"wp","href":"https:\/\/api.w.org\/{rel}","templated":true}]}}