{"id":126,"date":"2023-10-18T16:09:53","date_gmt":"2023-10-18T16:09:53","guid":{"rendered":"https:\/\/vaime.mediaweb.ge\/?page_id=126"},"modified":"2023-12-24T13:25:53","modified_gmt":"2023-12-24T13:25:53","slug":"o-gruzji","status":"publish","type":"page","link":"https:\/\/vaimetravel.com\/pl\/o-gruzji\/","title":{"rendered":"O GRUZJI"},"content":{"rendered":"\t\t<div data-elementor-type=\"wp-page\" data-elementor-id=\"126\" class=\"elementor elementor-126\" data-elementor-post-type=\"page\">\n\t\t\t\t<div class=\"elementor-element elementor-element-b65c6aa e-flex e-con-boxed e-con e-parent\" data-id=\"b65c6aa\" data-element_type=\"container\" data-e-type=\"container\" data-settings=\"{&quot;background_background&quot;:&quot;classic&quot;}\">\n\t\t\t\t\t<div class=\"e-con-inner\">\n\t\t\t\t\t<\/div>\n\t\t\t\t<\/div>\n\t\t<div class=\"elementor-element elementor-element-7b878a5 e-flex e-con-boxed e-con e-parent\" data-id=\"7b878a5\" data-element_type=\"container\" data-e-type=\"container\">\n\t\t\t\t\t<div class=\"e-con-inner\">\n\t\t\t\t<div class=\"elementor-element elementor-element-3625731 elementor-widget-tablet__width-initial elementor-widget elementor-widget-heading\" data-id=\"3625731\" data-element_type=\"widget\" data-e-type=\"widget\" data-widget_type=\"heading.default\">\n\t\t\t\t<div class=\"elementor-widget-container\">\n\t\t\t\t\t<h3 class=\"elementor-heading-title elementor-size-default\">SAKARTWELO (\u10e1\u10d0\u10e5\u10d0\u10e0\u10d7\u10d5\u10d4\u10da\u10dd)<\/h3>\t\t\t\t<\/div>\n\t\t\t\t<\/div>\n\t\t\t\t<div class=\"elementor-element elementor-element-d622e0b elementor-widget__width-initial elementor-widget elementor-widget-heading\" data-id=\"d622e0b\" data-element_type=\"widget\" data-e-type=\"widget\" data-widget_type=\"heading.default\">\n\t\t\t\t<div class=\"elementor-widget-container\">\n\t\t\t\t\t<p class=\"elementor-heading-title elementor-size-default\">W\u0142a\u015bnie tak brzmi nazwa Gruzji w naszym j\u0119zyku ojczystym. Jak mo\u017cemy najlepiej j\u0105 opisa\u0107? Przecie\u017c mamy mn\u00f3stwo rzeczy do powiedzenia \u2013 Gruzja to jedna z najstarszych cywilizacji \u015bwiata \u2013 pierwsze kr\u00f3lestwa gruzi\u0144skie, Kolchida i Iberia, powsta\u0142y jeszcze w staro\u017cytno\u015bci. Gruzja jest zwi\u0105zana z greck\u0105 mitologi\u0105 \u2013 w\u0142a\u015bnie tutaj przyp\u0142yn\u0119\u0142y legendarni Argonauci szukaj\u0105c Z\u0142otego Runa. St\u0105d pochodz\u0105 pierwsi Europejczycy \u2013 najstarsze szcz\u0105tki w Europie znaleziono w\u0142a\u015bnie tu. W roku 2017 nasz kraj oficjalnie uznano za ojczyzn\u0119 wina, i bardzo s\u0142usznie, przecie\u017c mo\u017cemy si\u0119 pochwali\u0107 ponad 8000-letni\u0105 tradycj\u0105 robienia wina! Nie mo\u017cemy zapomnie\u0107 o fakcie, \u017ce Gruzja sta\u0142a si\u0119 krajem chrze\u015bcija\u0144skim jeszcze w IV wieku, przyjmuj\u0105c chrze\u015bcija\u0144stwo, jako drugi kraj na \u015bwiecie.\n\n\n<\/p>\t\t\t\t<\/div>\n\t\t\t\t<\/div>\n\t\t\t\t\t<\/div>\n\t\t\t\t<\/div>\n\t\t<div class=\"elementor-element elementor-element-ba4bc20 e-flex e-con-boxed e-con e-parent\" data-id=\"ba4bc20\" data-element_type=\"container\" data-e-type=\"container\">\n\t\t\t\t\t<div class=\"e-con-inner\">\n\t\t<div class=\"elementor-element elementor-element-cb9a49b e-con-full e-flex e-con e-child\" data-id=\"cb9a49b\" data-element_type=\"container\" data-e-type=\"container\" data-settings=\"{&quot;background_background&quot;:&quot;classic&quot;}\">\n\t\t\t\t<div class=\"elementor-element elementor-element-b3a8298 elementor-widget elementor-widget-heading\" data-id=\"b3a8298\" data-element_type=\"widget\" data-e-type=\"widget\" data-widget_type=\"heading.default\">\n\t\t\t\t<div class=\"elementor-widget-container\">\n\t\t\t\t\t<h2 class=\"elementor-heading-title elementor-size-default\">Kraj pi\u0119knych widok\u00f3w<\/h2>\t\t\t\t<\/div>\n\t\t\t\t<\/div>\n\t\t\t\t<div class=\"elementor-element elementor-element-78f91c0 elementor-widget elementor-widget-text-editor\" data-id=\"78f91c0\" data-element_type=\"widget\" data-e-type=\"widget\" data-widget_type=\"text-editor.default\">\n\t\t\t\t<div class=\"elementor-widget-container\">\n\t\t\t\t\t\t\t\t\t<p>Gruzja jest krajem g\u00f3rzystym, na p\u00f3\u0142nocy otoczona g\u00f3rami Wielkiego Kaukazu. Stosunkowo ma\u0142\u0105 Gruzj\u0119 cechuje r\u00f3\u017cnorodno\u015b\u0107 \u2013 zachodni\u0105 granic\u0119 wyznacza wybrze\u017ce Morza Czarnego, na po\u0142udniu s\u0105 g\u00f3ry ma\u0142ego Kaukazu, a na wschodzie podziwia\u0107 mo\u017cna rozleg\u0142e doliny i stepy.<\/p>\t\t\t\t\t\t\t\t<\/div>\n\t\t\t\t<\/div>\n\t\t\t\t<\/div>\n\t\t<div class=\"elementor-element elementor-element-195165a e-con-full e-flex e-con e-child\" data-id=\"195165a\" data-element_type=\"container\" data-e-type=\"container\" data-settings=\"{&quot;background_background&quot;:&quot;classic&quot;}\">\n\t\t\t\t<\/div>\n\t\t<div class=\"elementor-element elementor-element-b0a34da e-con-full e-flex e-con e-child\" data-id=\"b0a34da\" data-element_type=\"container\" data-e-type=\"container\" data-settings=\"{&quot;background_background&quot;:&quot;classic&quot;}\">\n\t\t\t\t<\/div>\n\t\t\t\t\t<\/div>\n\t\t\t\t<\/div>\n\t\t<div class=\"elementor-element elementor-element-207aad7 e-flex e-con-boxed e-con e-parent\" data-id=\"207aad7\" data-element_type=\"container\" data-e-type=\"container\">\n\t\t\t\t\t<div class=\"e-con-inner\">\n\t\t<div class=\"elementor-element elementor-element-5432618 e-con-full e-flex e-con e-child\" data-id=\"5432618\" data-element_type=\"container\" data-e-type=\"container\" data-settings=\"{&quot;background_background&quot;:&quot;classic&quot;}\">\n\t\t\t\t<\/div>\n\t\t<div class=\"elementor-element elementor-element-151e76f e-con-full e-flex e-con e-child\" data-id=\"151e76f\" data-element_type=\"container\" data-e-type=\"container\" data-settings=\"{&quot;background_background&quot;:&quot;classic&quot;}\">\n\t\t\t\t<div class=\"elementor-element elementor-element-6bb030b elementor-widget elementor-widget-heading\" data-id=\"6bb030b\" data-element_type=\"widget\" data-e-type=\"widget\" data-widget_type=\"heading.default\">\n\t\t\t\t<div class=\"elementor-widget-container\">\n\t\t\t\t\t<h2 class=\"elementor-heading-title elementor-size-default\">KRAJ PYSZNEGO JEDZENIA<\/h2>\t\t\t\t<\/div>\n\t\t\t\t<\/div>\n\t\t\t\t<div class=\"elementor-element elementor-element-f868470 elementor-widget elementor-widget-text-editor\" data-id=\"f868470\" data-element_type=\"widget\" data-e-type=\"widget\" data-widget_type=\"text-editor.default\">\n\t\t\t\t<div class=\"elementor-widget-container\">\n\t\t\t\t\t\t\t\t\t<p>\u0141agodny i zr\u00f3\u017cnicowany klimat Gruzji zapewnia obfito\u015b\u0107 i r\u00f3\u017cnorodno\u015b\u0107 p\u0142od\u00f3w rolnych oraz aromatycznych przypraw. Charakterystyczne sk\u0142adniki u\u017cywane w naszej kuchni dodaj\u0105 jej niepowtarzalnego i wyj\u0105tkowego smaku.<\/p>\t\t\t\t\t\t\t\t<\/div>\n\t\t\t\t<\/div>\n\t\t\t\t<\/div>\n\t\t<div class=\"elementor-element elementor-element-561573f e-con-full e-flex e-con e-child\" data-id=\"561573f\" data-element_type=\"container\" data-e-type=\"container\" data-settings=\"{&quot;background_background&quot;:&quot;classic&quot;}\">\n\t\t\t\t<\/div>\n\t\t\t\t\t<\/div>\n\t\t\t\t<\/div>\n\t\t<div class=\"elementor-element elementor-element-914c510 e-flex e-con-boxed e-con e-parent\" data-id=\"914c510\" data-element_type=\"container\" data-e-type=\"container\">\n\t\t\t\t\t<div class=\"e-con-inner\">\n\t\t<div class=\"elementor-element elementor-element-7011fd1 e-con-full e-flex e-con e-child\" data-id=\"7011fd1\" data-element_type=\"container\" data-e-type=\"container\" data-settings=\"{&quot;background_background&quot;:&quot;classic&quot;}\">\n\t\t\t\t<\/div>\n\t\t<div class=\"elementor-element elementor-element-d8ba743 e-con-full e-flex e-con e-child\" data-id=\"d8ba743\" data-element_type=\"container\" data-e-type=\"container\" data-settings=\"{&quot;background_background&quot;:&quot;classic&quot;}\">\n\t\t\t\t<\/div>\n\t\t<div class=\"elementor-element elementor-element-2406de4 e-con-full e-flex e-con e-child\" data-id=\"2406de4\" data-element_type=\"container\" data-e-type=\"container\" data-settings=\"{&quot;background_background&quot;:&quot;classic&quot;}\">\n\t\t\t\t<div class=\"elementor-element elementor-element-3337d68 elementor-widget elementor-widget-heading\" data-id=\"3337d68\" data-element_type=\"widget\" data-e-type=\"widget\" data-widget_type=\"heading.default\">\n\t\t\t\t<div class=\"elementor-widget-container\">\n\t\t\t\t\t<h2 class=\"elementor-heading-title elementor-size-default\">UNIKATOWE WINO<\/h2>\t\t\t\t<\/div>\n\t\t\t\t<\/div>\n\t\t\t\t<div class=\"elementor-element elementor-element-f52907c elementor-widget elementor-widget-text-editor\" data-id=\"f52907c\" data-element_type=\"widget\" data-e-type=\"widget\" data-widget_type=\"text-editor.default\">\n\t\t\t\t<div class=\"elementor-widget-container\">\n\t\t\t\t\t\t\t\t\t<p>Gruzja jest ojczyzn\u0105 wina. Na tej ziemi nasi przodkowie zacz\u0119li robi\u0107 wino a\u017c 8000 lat temu. Gruzi\u0144ska metoda robienia wina, czyli wino w amforze \u201ckwewri\u201d, wpisana jest na list\u0119 \u015bwiatowego dziedzictwa UNESCO. Gruzini do naszych czas\u00f3w zachowali t\u0119 tradycj\u0119, a wino zrobione w tradycyjnych kwewri mo\u017cemy znale\u017a\u0107 wsz\u0119dzie.<\/p>\t\t\t\t\t\t\t\t<\/div>\n\t\t\t\t<\/div>\n\t\t\t\t<\/div>\n\t\t\t\t\t<\/div>\n\t\t\t\t<\/div>\n\t\t<div class=\"elementor-element elementor-element-b17259f e-flex e-con-boxed e-con e-parent\" data-id=\"b17259f\" data-element_type=\"container\" data-e-type=\"container\">\n\t\t\t\t\t<div class=\"e-con-inner\">\n\t\t<div class=\"elementor-element elementor-element-7db95b0 e-con-full e-flex e-con e-child\" data-id=\"7db95b0\" data-element_type=\"container\" data-e-type=\"container\" data-settings=\"{&quot;background_background&quot;:&quot;classic&quot;}\">\n\t\t\t\t<\/div>\n\t\t<div class=\"elementor-element elementor-element-88e1f47 e-con-full e-flex e-con e-child\" data-id=\"88e1f47\" data-element_type=\"container\" data-e-type=\"container\" data-settings=\"{&quot;background_background&quot;:&quot;classic&quot;}\">\n\t\t\t\t<div class=\"elementor-element elementor-element-7e9ca27 elementor-widget elementor-widget-heading\" data-id=\"7e9ca27\" data-element_type=\"widget\" data-e-type=\"widget\" data-widget_type=\"heading.default\">\n\t\t\t\t<div class=\"elementor-widget-container\">\n\t\t\t\t\t<h2 class=\"elementor-heading-title elementor-size-default\">BOGATE DZIEDZICTWO KULTUROWE<\/h2>\t\t\t\t<\/div>\n\t\t\t\t<\/div>\n\t\t\t\t<div class=\"elementor-element elementor-element-4eacb37 elementor-widget elementor-widget-text-editor\" data-id=\"4eacb37\" data-element_type=\"widget\" data-e-type=\"widget\" data-widget_type=\"text-editor.default\">\n\t\t\t\t<div class=\"elementor-widget-container\">\n\t\t\t\t\t\t\t\t\t<p>Gruzja jest krajem g\u00f3rzystym, na p\u00f3\u0142nocy otoczona g\u00f3rami Wielkiego Kaukazu. Stosunkowo ma\u0142\u0105 Gruzj\u0119 cechuje r\u00f3\u017cnorodnoGruzja przyj\u0119\u0142a chrze\u015bcija\u0144stwo w IV wieku, w wyniku czego na terenie Gruzji mo\u017cna znale\u017a\u0107 mn\u00f3stwo zabytkowych obiekt\u00f3w sakralnych \u2013 niekt\u00f3re z nich zosta\u0142y wpisane na list\u0119 UNESCO. Ale cerkwie to nie jedyne, czym Gruzja mo\u017ce si\u0119 pochwali\u0107, znale\u017a\u0107 tutaj mo\u017cna r\u00f3wnie\u017c \u015bredniowieczne centra edukacji i kultury, akademie, obronne twierdze i zamki, skalne miasta oraz zabytki pochodz\u0105ce jeszcze z czas\u00f3w poga\u0144skich.\u015b\u0107 \u2013 zachodni\u0105 granic\u0119 wyznacza wybrze\u017ce Morza Czarnego, na po\u0142udniu s\u0105 g\u00f3ry ma\u0142ego Kaukazu, a na wschodzie podziwia\u0107 mo\u017cna rozleg\u0142e doliny i stepy.<\/p>\t\t\t\t\t\t\t\t<\/div>\n\t\t\t\t<\/div>\n\t\t\t\t<\/div>\n\t\t<div class=\"elementor-element elementor-element-cc4d980 e-con-full e-flex e-con e-child\" data-id=\"cc4d980\" data-element_type=\"container\" data-e-type=\"container\" data-settings=\"{&quot;background_background&quot;:&quot;classic&quot;}\">\n\t\t\t\t<\/div>\n\t\t\t\t\t<\/div>\n\t\t\t\t<\/div>\n\t\t<div class=\"elementor-element elementor-element-cddee67 e-flex e-con-boxed e-con e-parent\" data-id=\"cddee67\" data-element_type=\"container\" data-e-type=\"container\">\n\t\t\t\t\t<div class=\"e-con-inner\">\n\t\t<div class=\"elementor-element elementor-element-41236ec e-con-full e-flex e-con e-child\" data-id=\"41236ec\" data-element_type=\"container\" data-e-type=\"container\" data-settings=\"{&quot;background_background&quot;:&quot;classic&quot;}\">\n\t\t\t\t<div class=\"elementor-element elementor-element-123e3f0 elementor-widget elementor-widget-heading\" data-id=\"123e3f0\" data-element_type=\"widget\" data-e-type=\"widget\" data-widget_type=\"heading.default\">\n\t\t\t\t<div class=\"elementor-widget-container\">\n\t\t\t\t\t<h2 class=\"elementor-heading-title elementor-size-default\">GO\u015aCINNI LUDZIE<\/h2>\t\t\t\t<\/div>\n\t\t\t\t<\/div>\n\t\t\t\t<div class=\"elementor-element elementor-element-3f7c430 elementor-widget elementor-widget-text-editor\" data-id=\"3f7c430\" data-element_type=\"widget\" data-e-type=\"widget\" data-widget_type=\"text-editor.default\">\n\t\t\t\t<div class=\"elementor-widget-container\">\n\t\t\t\t\t\t\t\t\t<p>O gruzi\u0144skiej go\u015bcinno\u015bci kr\u0105\u017c\u0105 legendy. W Gruzji m\u00f3wi si\u0119, \u017ce go\u015b\u0107 to dar od Boga. Go\u015bcinni, \u017cyczliwi ludzie czyni\u0105 ka\u017cd\u0105 podr\u00f3\u017c po Gruzji niepowtarzalnym prze\u017cyciem.<\/p>\t\t\t\t\t\t\t\t<\/div>\n\t\t\t\t<\/div>\n\t\t\t\t<\/div>\n\t\t<div class=\"elementor-element elementor-element-5b182ba e-con-full e-flex e-con e-child\" data-id=\"5b182ba\" data-element_type=\"container\" data-e-type=\"container\" data-settings=\"{&quot;background_background&quot;:&quot;classic&quot;}\">\n\t\t\t\t<\/div>\n\t\t<div class=\"elementor-element elementor-element-2eadc7d e-con-full e-flex e-con e-child\" data-id=\"2eadc7d\" data-element_type=\"container\" data-e-type=\"container\" data-settings=\"{&quot;background_background&quot;:&quot;classic&quot;}\">\n\t\t\t\t<\/div>\n\t\t\t\t\t<\/div>\n\t\t\t\t<\/div>\n\t\t<div class=\"elementor-element elementor-element-28e8455 e-flex e-con-boxed e-con e-parent\" data-id=\"28e8455\" data-element_type=\"container\" data-e-type=\"container\">\n\t\t\t\t\t<div class=\"e-con-inner\">\n\t\t\t\t<div class=\"elementor-element elementor-element-63bd740 elementor-widget elementor-widget-text-editor\" data-id=\"63bd740\" data-element_type=\"widget\" data-e-type=\"widget\" data-widget_type=\"text-editor.default\">\n\t\t\t\t<div class=\"elementor-widget-container\">\n\t\t\t\t\t\t\t\t\t<section class=\"sc-1sp014t-2 eopODU\"><div class=\"sc-1sp014t-1 bvfj7g-1 bYGYlo eYgkoA\"><p class=\"sc-1sp014t-9 sc-1u8xqxr-0 fXeEfL eYFvqC\">A wi\u0119c zapraszamy, przyje\u017cd\u017cajcie i podziwiajcie te widoki, smakujcie gruzi\u0144sk\u0105 kuchni\u0119, napijcie si\u0119 wina a my, Gruzinki z krwi i ko\u015bci, postaramy si\u0119, \u017ceby\u015bcie wspominali czas sp\u0119dzony u nas z u\u015bmiechem na twarzy!<\/p><\/div><\/section><footer class=\"lsols6-0 jFrRWx\"><div class=\"sc-1sp014t-1 bYGYlo\"><div class=\"lsols6-1 jXxHsE\"><div class=\"lsols6-2 bTvRBj\"><div class=\"lsols6-8 eSROCN\">\u00a0<\/div><\/div><\/div><\/div><\/footer>\t\t\t\t\t\t\t\t<\/div>\n\t\t\t\t<\/div>\n\t\t\t\t\t<\/div>\n\t\t\t\t<\/div>\n\t\t\t\t<\/div>\n\t\t","protected":false},"excerpt":{"rendered":"<p>SAKARTWELO (\u10e1\u10d0\u10e5\u10d0\u10e0\u10d7\u10d5\u10d4\u10da\u10dd) W\u0142a\u015bnie tak brzmi nazwa Gruzji w naszym j\u0119zyku ojczystym. Jak mo\u017cemy najlepiej j\u0105 opisa\u0107? Przecie\u017c mamy mn\u00f3stwo rzeczy do powiedzenia \u2013 Gruzja to jedna z najstarszych cywilizacji \u015bwiata \u2013 pierwsze kr\u00f3lestwa gruzi\u0144skie, Kolchida i Iberia, powsta\u0142y jeszcze w staro\u017cytno\u015bci. Gruzja jest zwi\u0105zana z greck\u0105 mitologi\u0105 \u2013 w\u0142a\u015bnie tutaj przyp\u0142yn\u0119\u0142y legendarni Argonauci szukaj\u0105c Z\u0142otego [&hellip;]<\/p>\n","protected":false},"author":1,"featured_media":0,"parent":0,"menu_order":0,"comment_status":"closed","ping_status":"closed","template":"elementor_header_footer","meta":{"_acf_changed":false,"footnotes":""},"class_list":["post-126","page","type-page","status-publish","hentry"],"acf":[],"_links":{"self":[{"href":"https:\/\/vaimetravel.com\/pl\/wp-json\/wp\/v2\/pages\/126","targetHints":{"allow":["GET"]}}],"collection":[{"href":"https:\/\/vaimetravel.com\/pl\/wp-json\/wp\/v2\/pages"}],"about":[{"href":"https:\/\/vaimetravel.com\/pl\/wp-json\/wp\/v2\/types\/page"}],"author":[{"embeddable":true,"href":"https:\/\/vaimetravel.com\/pl\/wp-json\/wp\/v2\/users\/1"}],"replies":[{"embeddable":true,"href":"https:\/\/vaimetravel.com\/pl\/wp-json\/wp\/v2\/comments?post=126"}],"version-history":[{"count":58,"href":"https:\/\/vaimetravel.com\/pl\/wp-json\/wp\/v2\/pages\/126\/revisions"}],"predecessor-version":[{"id":1703,"href":"https:\/\/vaimetravel.com\/pl\/wp-json\/wp\/v2\/pages\/126\/revisions\/1703"}],"wp:attachment":[{"href":"https:\/\/vaimetravel.com\/pl\/wp-json\/wp\/v2\/media?parent=126"}],"curies":[{"name":"wp","href":"https:\/\/api.w.org\/{rel}","templated":true}]}}