{"id":247,"date":"2023-10-18T17:06:17","date_gmt":"2023-10-18T17:06:17","guid":{"rendered":"https:\/\/vaime.mediaweb.ge\/?page_id=247"},"modified":"2023-11-30T12:40:43","modified_gmt":"2023-11-30T12:40:43","slug":"wspolpraca","status":"publish","type":"page","link":"https:\/\/vaimetravel.com\/pl\/wspolpraca\/","title":{"rendered":"WSP\u00d3\u0141PRACA"},"content":{"rendered":"\t\t<div data-elementor-type=\"wp-page\" data-elementor-id=\"247\" class=\"elementor elementor-247\" data-elementor-post-type=\"page\">\n\t\t\t\t<div class=\"elementor-element elementor-element-e1c95a5 e-flex e-con-boxed e-con e-parent\" data-id=\"e1c95a5\" data-element_type=\"container\" data-e-type=\"container\" data-settings=\"{&quot;background_background&quot;:&quot;classic&quot;}\">\n\t\t\t\t\t<div class=\"e-con-inner\">\n\t\t\t\t\t<\/div>\n\t\t\t\t<\/div>\n\t\t<div class=\"elementor-element elementor-element-8f72b93 e-flex e-con-boxed e-con e-parent\" data-id=\"8f72b93\" data-element_type=\"container\" data-e-type=\"container\">\n\t\t\t\t\t<div class=\"e-con-inner\">\n\t\t<div class=\"elementor-element elementor-element-6b6b4a4 e-con-full e-flex e-con e-child\" data-id=\"6b6b4a4\" data-element_type=\"container\" data-e-type=\"container\">\n\t\t\t\t<div class=\"elementor-element elementor-element-21c10c5 elementor-widget elementor-widget-heading\" data-id=\"21c10c5\" data-element_type=\"widget\" data-e-type=\"widget\" data-widget_type=\"heading.default\">\n\t\t\t\t<div class=\"elementor-widget-container\">\n\t\t\t\t\t<h2 class=\"elementor-heading-title elementor-size-default\">BIURO PODR\u00d3\u017bY VAIME TRAVEL<\/h2>\t\t\t\t<\/div>\n\t\t\t\t<\/div>\n\t\t\t\t<div class=\"elementor-element elementor-element-b9a44a2 elementor-widget elementor-widget-text-editor\" data-id=\"b9a44a2\" data-element_type=\"widget\" data-e-type=\"widget\" data-widget_type=\"text-editor.default\">\n\t\t\t\t<div class=\"elementor-widget-container\">\n\t\t\t\t\t\t\t\t\t<p>sukcesywnie wsp\u00f3\u0142pracuje z wieloma polskimi agentami i tour operatorami, zapewniaj\u0105c profesjonaln\u0105 obs\u0142ug\u0119 oraz najwy\u017csz\u0105 jako\u015b\u0107 us\u0142ug.<br \/>Oferujemy swoje us\u0142ugi w organizacji wycieczek\u00a0<strong>kulturowych, pielgrzymkowych, incentive, gastronomicznych, trekkingowych po Gruzji, Armenii i Azerbejd\u017canie,<\/strong>\u00a0od wyjazd\u00f3w indywidualnych do du\u017cych grup (40-50 os). Oferujemy transport o wysokim europejskim standardzie, obs\u0142ug\u0119 profesjonalnych do\u015bwiadczonych kierowc\u00f3w oraz wykwalifikowanych polsko-, angielsko- i rosyjskoj\u0119zycznych przewodnik\u00f3w. Doskona\u0142a znajomo\u015b\u0107 lokalnej bazy noclegowej oraz gastronomicznej pozwala na idealne dopasowanie wycieczek do wymaga\u0144 ka\u017cdej grupy turystycznej.<\/p><p>Zesp\u00f3\u0142 Vaime Travel dokona wszystkich stara\u0144, aby pobyt w Gruzji sta\u0142 si\u0119 niezapomnianym prze\u017cyciem dla naszych go\u015bci.<\/p><p><strong>W celu om\u00f3wienia bli\u017cszych szczeg\u00f3\u0142\u00f3w wsp\u00f3\u0142pracy, prosimy o kontakt telefoniczny:<\/strong><\/p><p>GE: +995 555 628 887 (WhatsApp, VIber)<\/p><p>GE: +995 558 206 038 (WhatsApp, VIber)<\/p><p><strong>Lub mailowy:<\/strong><\/p><p>info@vaimetravel.com<br \/>kontakt@vaimetravel.com<\/p><p><br \/><strong>Zapraszamy do wsp\u00f3\u0142pracy!<\/strong><\/p>\t\t\t\t\t\t\t\t<\/div>\n\t\t\t\t<\/div>\n\t\t\t\t<\/div>\n\t\t<div class=\"elementor-element elementor-element-8e88fc2 e-con-full e-flex e-con e-child\" data-id=\"8e88fc2\" data-element_type=\"container\" data-e-type=\"container\">\n\t\t\t\t<div class=\"elementor-element elementor-element-ec85456 elementor-position-inline-start elementor-mobile-position-inline-start elementor-view-default elementor-widget elementor-widget-icon-box\" data-id=\"ec85456\" data-element_type=\"widget\" data-e-type=\"widget\" data-widget_type=\"icon-box.default\">\n\t\t\t\t<div class=\"elementor-widget-container\">\n\t\t\t\t\t\t\t<div class=\"elementor-icon-box-wrapper\">\n\n\t\t\t\t\t\t<div class=\"elementor-icon-box-icon\">\n\t\t\t\t<span  class=\"elementor-icon\">\n\t\t\t\t<i aria-hidden=\"true\" class=\"fas fa-envelope\"><\/i>\t\t\t\t<\/span>\n\t\t\t<\/div>\n\t\t\t\n\t\t\t\t\t\t<div class=\"elementor-icon-box-content\">\n\n\t\t\t\t\t\t\t\t\t<h3 class=\"elementor-icon-box-title\">\n\t\t\t\t\t\t<span  >\n\t\t\t\t\t\t\tinfo@vaimetravel.com\t\t\t\t\t\t<\/span>\n\t\t\t\t\t<\/h3>\n\t\t\t\t\n\t\t\t\t\n\t\t\t<\/div>\n\t\t\t\n\t\t<\/div>\n\t\t\t\t\t\t<\/div>\n\t\t\t\t<\/div>\n\t\t\t\t<div class=\"elementor-element elementor-element-9eedb1f elementor-position-inline-start elementor-mobile-position-inline-start elementor-view-default elementor-widget elementor-widget-icon-box\" data-id=\"9eedb1f\" data-element_type=\"widget\" data-e-type=\"widget\" data-widget_type=\"icon-box.default\">\n\t\t\t\t<div class=\"elementor-widget-container\">\n\t\t\t\t\t\t\t<div class=\"elementor-icon-box-wrapper\">\n\n\t\t\t\t\t\t<div class=\"elementor-icon-box-icon\">\n\t\t\t\t<span  class=\"elementor-icon\">\n\t\t\t\t<i aria-hidden=\"true\" class=\"fas fa-mobile-alt\"><\/i>\t\t\t\t<\/span>\n\t\t\t<\/div>\n\t\t\t\n\t\t\t\t\t\t<div class=\"elementor-icon-box-content\">\n\n\t\t\t\t\t\t\t\t\t<h3 class=\"elementor-icon-box-title\">\n\t\t\t\t\t\t<span  >\n\t\t\t\t\t\t\t+995 558 206 038 <br \/>+995 555 628 887\t\t\t\t\t\t<\/span>\n\t\t\t\t\t<\/h3>\n\t\t\t\t\n\t\t\t\t\n\t\t\t<\/div>\n\t\t\t\n\t\t<\/div>\n\t\t\t\t\t\t<\/div>\n\t\t\t\t<\/div>\n\t\t\t\t<div class=\"elementor-element elementor-element-16cb5ec elementor-position-inline-start elementor-mobile-position-inline-start elementor-view-default elementor-widget elementor-widget-icon-box\" data-id=\"16cb5ec\" data-element_type=\"widget\" data-e-type=\"widget\" data-widget_type=\"icon-box.default\">\n\t\t\t\t<div class=\"elementor-widget-container\">\n\t\t\t\t\t\t\t<div class=\"elementor-icon-box-wrapper\">\n\n\t\t\t\t\t\t<div class=\"elementor-icon-box-icon\">\n\t\t\t\t<a href=\"https:\/\/www.instagram.com\/vaimetravel\/\" target=\"_blank\" class=\"elementor-icon\" tabindex=\"-1\" aria-label=\"vaimetravel\">\n\t\t\t\t<i aria-hidden=\"true\" class=\"fab fa-instagram\"><\/i>\t\t\t\t<\/a>\n\t\t\t<\/div>\n\t\t\t\n\t\t\t\t\t\t<div class=\"elementor-icon-box-content\">\n\n\t\t\t\t\t\t\t\t\t<h3 class=\"elementor-icon-box-title\">\n\t\t\t\t\t\t<a href=\"https:\/\/www.instagram.com\/vaimetravel\/\" target=\"_blank\" >\n\t\t\t\t\t\t\tvaimetravel\t\t\t\t\t\t<\/a>\n\t\t\t\t\t<\/h3>\n\t\t\t\t\n\t\t\t\t\n\t\t\t<\/div>\n\t\t\t\n\t\t<\/div>\n\t\t\t\t\t\t<\/div>\n\t\t\t\t<\/div>\n\t\t<div class=\"elementor-element elementor-element-5dc163a e-flex e-con-boxed e-con e-child\" data-id=\"5dc163a\" data-element_type=\"container\" data-e-type=\"container\">\n\t\t\t\t\t<div class=\"e-con-inner\">\n\t\t\t\t<div class=\"elementor-element elementor-element-f4add37 elementor-position-inline-start elementor-mobile-position-inline-start elementor-widget-mobile__width-initial elementor-view-default elementor-widget elementor-widget-icon-box\" data-id=\"f4add37\" data-element_type=\"widget\" data-e-type=\"widget\" data-widget_type=\"icon-box.default\">\n\t\t\t\t<div class=\"elementor-widget-container\">\n\t\t\t\t\t\t\t<div class=\"elementor-icon-box-wrapper\">\n\n\t\t\t\t\t\t<div class=\"elementor-icon-box-icon\">\n\t\t\t\t<span  class=\"elementor-icon\">\n\t\t\t\t<svg xmlns=\"http:\/\/www.w3.org\/2000\/svg\" xmlns:xlink=\"http:\/\/www.w3.org\/1999\/xlink\" width=\"256\" viewBox=\"0 0 192 191.999996\" height=\"256\" preserveAspectRatio=\"xMidYMid meet\"><defs><clipPath id=\"f7aa212c0b\"><path d=\"M 2.035156 15.367188 L 138 15.367188 L 138 136 L 2.035156 136 Z M 2.035156 15.367188 \" clip-rule=\"nonzero\"><\/path><\/clipPath><\/defs><rect x=\"-19.2\" width=\"230.4\" fill=\"#ffffff\" y=\"-19.2\" height=\"230.399995\" fill-opacity=\"1\"><\/rect><rect x=\"-19.2\" width=\"230.4\" fill=\"#ffffff\" y=\"-19.2\" height=\"230.399995\" fill-opacity=\"1\"><\/rect><path fill=\"#de261d\" d=\"M 169.925781 150.941406 C 182.132812 142.285156 189.867188 129.34375 189.867188 114.960938 C 189.867188 88.835938 164.515625 67.679688 133.21875 67.679688 C 101.921875 67.679688 76.492188 88.835938 76.492188 114.960938 C 76.492188 141.082031 101.914062 162.230469 133.21875 162.230469 C 139.792969 162.246094 146.230469 161.308594 152.523438 159.414062 C 153.648438 159.117188 154.71875 159.257812 155.726562 159.835938 L 168 166.933594 C 170.703125 168.492188 172.261719 167.289062 171.484375 164.238281 L 168.855469 154.089844 C 168.6875 153.507812 168.703125 152.929688 168.902344 152.359375 C 169.097656 151.785156 169.4375 151.320312 169.925781 150.960938 Z M 114.335938 107.503906 C 113.828125 107.503906 113.328125 107.453125 112.832031 107.355469 C 112.335938 107.257812 111.855469 107.113281 111.386719 106.917969 C 110.921875 106.722656 110.476562 106.488281 110.058594 106.207031 C 109.636719 105.925781 109.25 105.605469 108.890625 105.25 C 108.53125 104.890625 108.214844 104.503906 107.933594 104.082031 C 107.652344 103.660156 107.414062 103.21875 107.222656 102.75 C 107.027344 102.285156 106.882812 101.800781 106.785156 101.304688 C 106.683594 100.808594 106.636719 100.308594 106.636719 99.804688 C 106.636719 99.296875 106.683594 98.796875 106.785156 98.300781 C 106.882812 97.804688 107.027344 97.324219 107.222656 96.859375 C 107.414062 96.390625 107.652344 95.945312 107.933594 95.527344 C 108.214844 95.105469 108.53125 94.71875 108.890625 94.359375 C 109.25 94.003906 109.636719 93.683594 110.058594 93.402344 C 110.476562 93.121094 110.921875 92.882812 111.386719 92.691406 C 111.855469 92.496094 112.335938 92.351562 112.832031 92.253906 C 113.328125 92.152344 113.828125 92.105469 114.335938 92.105469 C 114.839844 92.101562 115.335938 92.148438 115.832031 92.246094 C 116.328125 92.34375 116.804688 92.488281 117.273438 92.679688 C 117.738281 92.871094 118.179688 93.109375 118.597656 93.386719 C 119.019531 93.667969 119.40625 93.984375 119.761719 94.339844 C 120.117188 94.695312 120.4375 95.082031 120.714844 95.503906 C 120.996094 95.921875 121.230469 96.363281 121.421875 96.828125 C 121.613281 97.296875 121.757812 97.777344 121.855469 98.269531 C 121.953125 98.765625 122 99.261719 121.996094 99.765625 C 121.996094 100.273438 121.949219 100.773438 121.851562 101.265625 C 121.753906 101.761719 121.609375 102.242188 121.414062 102.710938 C 121.222656 103.175781 120.988281 103.621094 120.710938 104.042969 C 120.429688 104.460938 120.113281 104.851562 119.757812 105.210938 C 119.402344 105.570312 119.015625 105.890625 118.597656 106.175781 C 118.179688 106.457031 117.738281 106.695312 117.273438 106.894531 C 116.808594 107.089844 116.328125 107.238281 115.835938 107.34375 C 115.339844 107.445312 114.839844 107.5 114.335938 107.503906 Z M 151.894531 107.503906 C 151.390625 107.503906 150.890625 107.453125 150.394531 107.355469 C 149.898438 107.257812 149.417969 107.113281 148.949219 106.917969 C 148.480469 106.722656 148.039062 106.488281 147.617188 106.207031 C 147.199219 105.925781 146.808594 105.605469 146.449219 105.25 C 146.09375 104.890625 145.773438 104.503906 145.492188 104.082031 C 145.210938 103.660156 144.976562 103.21875 144.78125 102.75 C 144.589844 102.285156 144.441406 101.800781 144.34375 101.304688 C 144.246094 100.808594 144.195312 100.308594 144.195312 99.804688 C 144.195312 99.296875 144.246094 98.796875 144.34375 98.300781 C 144.441406 97.804688 144.589844 97.324219 144.78125 96.859375 C 144.976562 96.390625 145.210938 95.945312 145.492188 95.527344 C 145.773438 95.105469 146.09375 94.71875 146.449219 94.359375 C 146.808594 94.003906 147.199219 93.683594 147.617188 93.402344 C 148.039062 93.121094 148.480469 92.882812 148.949219 92.691406 C 149.417969 92.496094 149.898438 92.351562 150.394531 92.253906 C 150.890625 92.152344 151.390625 92.105469 151.894531 92.105469 C 152.402344 92.105469 152.902344 92.152344 153.398438 92.253906 C 153.894531 92.351562 154.375 92.496094 154.84375 92.691406 C 155.308594 92.882812 155.753906 93.121094 156.171875 93.402344 C 156.59375 93.683594 156.984375 94.003906 157.339844 94.359375 C 157.699219 94.71875 158.015625 95.105469 158.296875 95.527344 C 158.578125 95.945312 158.816406 96.390625 159.007812 96.859375 C 159.203125 97.324219 159.347656 97.804688 159.449219 98.300781 C 159.546875 98.796875 159.59375 99.296875 159.59375 99.804688 C 159.59375 100.308594 159.546875 100.808594 159.449219 101.304688 C 159.347656 101.800781 159.203125 102.285156 159.007812 102.75 C 158.816406 103.21875 158.578125 103.660156 158.296875 104.082031 C 158.015625 104.503906 157.699219 104.890625 157.339844 105.25 C 156.984375 105.605469 156.59375 105.925781 156.171875 106.207031 C 155.753906 106.488281 155.308594 106.722656 154.84375 106.917969 C 154.375 107.113281 153.894531 107.257812 153.398438 107.355469 C 152.902344 107.453125 152.402344 107.503906 151.894531 107.503906 Z M 151.894531 107.503906 \" fill-opacity=\"1\" fill-rule=\"nonzero\"><\/path><g clip-path=\"url(#f7aa212c0b)\"><path fill=\"#de261d\" d=\"M 133.855469 63.144531 C 135.058594 63.144531 136.269531 63.144531 137.472656 63.210938 C 132.363281 36.101562 104.183594 15.367188 70.171875 15.367188 C 32.546875 15.367188 2.09375 40.777344 2.09375 72.085938 C 2.09375 89.257812 11.25 104.667969 25.804688 115.101562 C 26.144531 115.335938 26.4375 115.617188 26.691406 115.945312 C 26.941406 116.269531 27.136719 116.628906 27.277344 117.015625 C 27.414062 117.402344 27.492188 117.804688 27.507812 118.214844 C 27.523438 118.628906 27.476562 119.03125 27.363281 119.429688 L 24.171875 131.355469 C 23.234375 134.96875 25.109375 136.398438 28.292969 134.472656 L 42.839844 125.957031 C 43.507812 125.574219 44.226562 125.34375 44.988281 125.253906 C 45.753906 125.167969 46.507812 125.238281 47.242188 125.457031 C 54.726562 127.65625 62.371094 128.746094 70.171875 128.726562 C 71.386719 128.726562 72.660156 128.726562 73.863281 128.660156 C 72.296875 124.152344 71.527344 119.515625 71.554688 114.742188 C 71.554688 86.207031 99.453125 63.144531 133.886719 63.144531 Z M 92.824219 44.824219 C 93.417969 44.828125 94.003906 44.886719 94.585938 45.007812 C 95.171875 45.125 95.734375 45.300781 96.285156 45.527344 C 96.832031 45.757812 97.351562 46.039062 97.84375 46.371094 C 98.339844 46.703125 98.792969 47.082031 99.210938 47.503906 C 99.628906 47.925781 100.003906 48.382812 100.332031 48.878906 C 100.660156 49.375 100.9375 49.898438 101.164062 50.449219 C 101.386719 50.996094 101.558594 51.566406 101.671875 52.148438 C 101.785156 52.730469 101.839844 53.320312 101.835938 53.914062 C 101.835938 54.507812 101.773438 55.097656 101.65625 55.679688 C 101.539062 56.261719 101.363281 56.828125 101.132812 57.375 C 100.902344 57.925781 100.621094 58.445312 100.289062 58.9375 C 99.957031 59.429688 99.582031 59.886719 99.160156 60.304688 C 98.738281 60.722656 98.277344 61.097656 97.78125 61.425781 C 97.289062 61.753906 96.765625 62.027344 96.214844 62.253906 C 95.664062 62.480469 95.097656 62.648438 94.515625 62.761719 C 93.929688 62.875 93.339844 62.929688 92.746094 62.929688 C 92.152344 62.925781 91.566406 62.867188 90.980469 62.746094 C 90.398438 62.628906 89.835938 62.457031 89.285156 62.226562 C 88.738281 61.996094 88.21875 61.714844 87.726562 61.382812 C 87.230469 61.050781 86.777344 60.671875 86.359375 60.25 C 85.9375 59.828125 85.566406 59.371094 85.238281 58.875 C 84.910156 58.378906 84.632812 57.855469 84.40625 57.304688 C 84.183594 56.757812 84.011719 56.191406 83.898438 55.605469 C 83.785156 55.023438 83.730469 54.433594 83.734375 53.839844 C 83.734375 53.246094 83.792969 52.65625 83.910156 52.074219 C 84.027344 51.488281 84.203125 50.925781 84.429688 50.375 C 84.660156 49.828125 84.941406 49.304688 85.273438 48.8125 C 85.605469 48.320312 85.984375 47.863281 86.40625 47.445312 C 86.828125 47.027344 87.285156 46.652344 87.78125 46.324219 C 88.277344 45.996094 88.800781 45.71875 89.351562 45.496094 C 89.902344 45.269531 90.46875 45.101562 91.054688 44.988281 C 91.636719 44.875 92.226562 44.820312 92.824219 44.824219 Z M 47.316406 62.929688 C 46.726562 62.925781 46.136719 62.867188 45.554688 62.75 C 44.972656 62.632812 44.410156 62.460938 43.863281 62.230469 C 43.3125 62.003906 42.792969 61.722656 42.300781 61.394531 C 41.808594 61.0625 41.351562 60.6875 40.933594 60.265625 C 40.515625 59.84375 40.140625 59.386719 39.8125 58.894531 C 39.484375 58.398438 39.207031 57.878906 38.980469 57.332031 C 38.753906 56.78125 38.582031 56.214844 38.464844 55.632812 C 38.351562 55.050781 38.292969 54.464844 38.292969 53.871094 C 38.292969 53.277344 38.351562 52.691406 38.46875 52.109375 C 38.585938 51.527344 38.757812 50.960938 38.984375 50.414062 C 39.210938 49.863281 39.488281 49.34375 39.820312 48.851562 C 40.148438 48.355469 40.523438 47.898438 40.941406 47.480469 C 41.363281 47.058594 41.816406 46.683594 42.3125 46.355469 C 42.804688 46.023438 43.324219 45.746094 43.871094 45.519531 C 44.421875 45.289062 44.984375 45.117188 45.566406 45 C 46.148438 44.886719 46.738281 44.828125 47.332031 44.824219 C 47.925781 44.824219 48.511719 44.882812 49.09375 44.996094 C 49.675781 45.109375 50.242188 45.28125 50.789062 45.507812 C 51.339844 45.730469 51.859375 46.007812 52.355469 46.335938 C 52.851562 46.664062 53.308594 47.039062 53.726562 47.457031 C 54.148438 47.875 54.523438 48.332031 54.855469 48.824219 C 55.1875 49.316406 55.46875 49.835938 55.695312 50.382812 C 55.925781 50.929688 56.101562 51.496094 56.21875 52.078125 C 56.335938 52.660156 56.394531 53.246094 56.398438 53.839844 C 56.402344 54.4375 56.347656 55.027344 56.230469 55.613281 C 56.117188 56.203125 55.945312 56.769531 55.71875 57.324219 C 55.492188 57.875 55.214844 58.402344 54.882812 58.898438 C 54.550781 59.394531 54.175781 59.855469 53.753906 60.277344 C 53.332031 60.699219 52.871094 61.078125 52.375 61.410156 C 51.878906 61.738281 51.351562 62.019531 50.800781 62.246094 C 50.25 62.476562 49.679688 62.644531 49.09375 62.761719 C 48.507812 62.875 47.914062 62.933594 47.316406 62.929688 Z M 47.316406 62.929688 \" fill-opacity=\"1\" fill-rule=\"nonzero\"><\/path><\/g><\/svg>\t\t\t\t<\/span>\n\t\t\t<\/div>\n\t\t\t\n\t\t\t\t\t\t<div class=\"elementor-icon-box-content\">\n\n\t\t\t\t\t\t\t\t\t<h3 class=\"elementor-icon-box-title\">\n\t\t\t\t\t\t<span  >\n\t\t\t\t\t\t\tvaimetravel\t\t\t\t\t\t<\/span>\n\t\t\t\t\t<\/h3>\n\t\t\t\t\n\t\t\t\t\n\t\t\t<\/div>\n\t\t\t\n\t\t<\/div>\n\t\t\t\t\t\t<\/div>\n\t\t\t\t<\/div>\n\t\t\t\t<div class=\"elementor-element elementor-element-cb554ac elementor-widget__width-initial elementor-widget-mobile__width-initial elementor-widget elementor-widget-image\" data-id=\"cb554ac\" data-element_type=\"widget\" data-e-type=\"widget\" data-widget_type=\"image.default\">\n\t\t\t\t<div class=\"elementor-widget-container\">\n\t\t\t\t\t\t\t\t\t\t\t\t\t\t\t\t<a href=\"https:\/\/vaimetravel.com\/wp-content\/uploads\/2023\/11\/Wechat-logo.png\" data-elementor-open-lightbox=\"yes\" data-elementor-lightbox-title=\"Wechat logo\" data-e-action-hash=\"#elementor-action%3Aaction%3Dlightbox%26settings%3DeyJpZCI6MTUxMCwidXJsIjoiaHR0cHM6XC9cL3ZhaW1ldHJhdmVsLmNvbVwvd3AtY29udGVudFwvdXBsb2Fkc1wvMjAyM1wvMTFcL1dlY2hhdC1sb2dvLnBuZyJ9\">\n\t\t\t\t\t\t\t<img fetchpriority=\"high\" decoding=\"async\" width=\"759\" height=\"729\" src=\"https:\/\/vaimetravel.com\/wp-content\/uploads\/2023\/11\/Wechat-logo.png\" class=\"attachment-large size-large wp-image-1510\" alt=\"\" srcset=\"https:\/\/vaimetravel.com\/wp-content\/uploads\/2023\/11\/Wechat-logo.png 759w, https:\/\/vaimetravel.com\/wp-content\/uploads\/2023\/11\/Wechat-logo-300x288.png 300w\" sizes=\"(max-width: 759px) 100vw, 759px\" \/>\t\t\t\t\t\t\t\t<\/a>\n\t\t\t\t\t\t\t\t\t\t\t\t\t\t\t<\/div>\n\t\t\t\t<\/div>\n\t\t\t\t\t<\/div>\n\t\t\t\t<\/div>\n\t\t\t\t<\/div>\n\t\t\t\t\t<\/div>\n\t\t\t\t<\/div>\n\t\t\t\t<\/div>\n\t\t","protected":false},"excerpt":{"rendered":"<p>BIURO PODR\u00d3\u017bY VAIME TRAVEL sukcesywnie wsp\u00f3\u0142pracuje z wieloma polskimi agentami i tour operatorami, zapewniaj\u0105c profesjonaln\u0105 obs\u0142ug\u0119 oraz najwy\u017csz\u0105 jako\u015b\u0107 us\u0142ug.Oferujemy swoje us\u0142ugi w organizacji wycieczek\u00a0kulturowych, pielgrzymkowych, incentive, gastronomicznych, trekkingowych po Gruzji, Armenii i Azerbejd\u017canie,\u00a0od wyjazd\u00f3w indywidualnych do du\u017cych grup (40-50 os). Oferujemy transport o wysokim europejskim standardzie, obs\u0142ug\u0119 profesjonalnych do\u015bwiadczonych kierowc\u00f3w oraz wykwalifikowanych polsko-, angielsko- [&hellip;]<\/p>\n","protected":false},"author":1,"featured_media":0,"parent":0,"menu_order":0,"comment_status":"closed","ping_status":"closed","template":"elementor_header_footer","meta":{"_acf_changed":false,"footnotes":""},"class_list":["post-247","page","type-page","status-publish","hentry"],"acf":[],"_links":{"self":[{"href":"https:\/\/vaimetravel.com\/pl\/wp-json\/wp\/v2\/pages\/247","targetHints":{"allow":["GET"]}}],"collection":[{"href":"https:\/\/vaimetravel.com\/pl\/wp-json\/wp\/v2\/pages"}],"about":[{"href":"https:\/\/vaimetravel.com\/pl\/wp-json\/wp\/v2\/types\/page"}],"author":[{"embeddable":true,"href":"https:\/\/vaimetravel.com\/pl\/wp-json\/wp\/v2\/users\/1"}],"replies":[{"embeddable":true,"href":"https:\/\/vaimetravel.com\/pl\/wp-json\/wp\/v2\/comments?post=247"}],"version-history":[{"count":13,"href":"https:\/\/vaimetravel.com\/pl\/wp-json\/wp\/v2\/pages\/247\/revisions"}],"predecessor-version":[{"id":1524,"href":"https:\/\/vaimetravel.com\/pl\/wp-json\/wp\/v2\/pages\/247\/revisions\/1524"}],"wp:attachment":[{"href":"https:\/\/vaimetravel.com\/pl\/wp-json\/wp\/v2\/media?parent=247"}],"curies":[{"name":"wp","href":"https:\/\/api.w.org\/{rel}","templated":true}]}}